{"id":848,"date":"2026-04-06T15:21:13","date_gmt":"2026-04-06T15:21:13","guid":{"rendered":"https:\/\/canicorestaurante.pt\/contacts\/"},"modified":"2026-04-29T15:19:56","modified_gmt":"2026-04-29T15:19:56","slug":"contacts","status":"publish","type":"page","link":"https:\/\/canicorestaurante.pt\/en\/contacts\/","title":{"rendered":"Contacts"},"content":{"rendered":"[vc_row type=&#8221;full_width_background&#8221; full_screen_row_position=&#8221;middle&#8221; column_margin=&#8221;default&#8221; equal_height=&#8221;yes&#8221; content_placement=&#8221;stretch&#8221; column_direction=&#8221;default&#8221; column_direction_tablet=&#8221;default&#8221; column_direction_phone=&#8221;default&#8221; scene_position=&#8221;center&#8221; top_padding=&#8221;15%&#8221; bottom_padding=&#8221;10%&#8221; text_color=&#8221;dark&#8221; text_align=&#8221;left&#8221; row_border_radius=&#8221;none&#8221; row_border_radius_applies=&#8221;bg&#8221; row_position_desktop=&#8221;default&#8221; row_position_tablet=&#8221;inherit&#8221; row_position_phone=&#8221;inherit&#8221; overflow=&#8221;visible&#8221; overlay_strength=&#8221;0.3&#8243; gradient_direction=&#8221;left_to_right&#8221; shape_divider_position=&#8221;bottom&#8221; bg_image_animation=&#8221;none&#8221; gradient_type=&#8221;default&#8221; shape_type=&#8221;&#8221;][vc_column column_padding=&#8221;no-extra-padding&#8221; column_padding_tablet=&#8221;inherit&#8221; column_padding_phone=&#8221;inherit&#8221; column_padding_position=&#8221;all&#8221; column_element_direction_desktop=&#8221;default&#8221; column_element_spacing=&#8221;default&#8221; desktop_text_alignment=&#8221;default&#8221; tablet_text_alignment=&#8221;default&#8221; phone_text_alignment=&#8221;default&#8221; background_color_opacity=&#8221;1&#8243; background_hover_color_opacity=&#8221;1&#8243; column_backdrop_filter=&#8221;none&#8221; font_color=&#8221;#FDFAF4&#8243; column_shadow=&#8221;none&#8221; column_border_radius=&#8221;none&#8221; column_link_target=&#8221;_self&#8221; column_position=&#8221;default&#8221; gradient_direction=&#8221;left_to_right&#8221; overlay_strength=&#8221;0.3&#8243; width=&#8221;1\/2&#8243; tablet_width_inherit=&#8221;default&#8221; animation_type=&#8221;default&#8221; bg_image_animation=&#8221;none&#8221; border_type=&#8221;simple&#8221; column_border_width=&#8221;none&#8221; column_border_style=&#8221;solid&#8221; column_padding_type=&#8221;default&#8221; content_layout=&#8221;default&#8221; gradient_type=&#8221;default&#8221;][split_line_heading line_reveal_by_space_text_effect=&#8221;default&#8221; font_style=&#8221;h1&#8243; text_color=&#8221;#431205&#8243; content_alignment=&#8221;default&#8221; mobile_content_alignment=&#8221;inherit&#8221; animation_type=&#8221;line-reveal-by-space&#8221; link_target=&#8221;_self&#8221; text_content=&#8221;Contacts&#8221; text_direction=&#8221;default&#8221;][\/split_line_heading][vc_row_inner column_margin=&#8221;default&#8221; column_direction=&#8221;default&#8221; column_direction_tablet=&#8221;default&#8221; column_direction_phone=&#8221;default&#8221; text_align=&#8221;left&#8221; row_position=&#8221;default&#8221; row_position_tablet=&#8221;inherit&#8221; row_position_phone=&#8221;inherit&#8221; overflow=&#8221;visible&#8221; pointer_events=&#8221;all&#8221;][vc_column_inner column_padding=&#8221;padding-6-percent&#8221; column_padding_tablet=&#8221;inherit&#8221; column_padding_phone=&#8221;inherit&#8221; column_padding_position=&#8221;top-bottom&#8221; column_element_direction_desktop=&#8221;default&#8221; column_element_spacing=&#8221;default&#8221; desktop_text_alignment=&#8221;default&#8221; tablet_text_alignment=&#8221;default&#8221; phone_text_alignment=&#8221;default&#8221; background_color_opacity=&#8221;1&#8243; background_hover_color_opacity=&#8221;1&#8243; column_backdrop_filter=&#8221;none&#8221; font_color=&#8221;#431205&#8243; column_shadow=&#8221;none&#8221; column_border_radius=&#8221;none&#8221; column_link_target=&#8221;_self&#8221; overflow=&#8221;visible&#8221; gradient_direction=&#8221;left_to_right&#8221; overlay_strength=&#8221;0.3&#8243; width=&#8221;1\/1&#8243; tablet_width_inherit=&#8221;default&#8221; animation_type=&#8221;default&#8221; bg_image_animation=&#8221;none&#8221; border_type=&#8221;simple&#8221; column_border_width=&#8221;none&#8221; column_border_style=&#8221;solid&#8221; column_padding_type=&#8221;default&#8221; content_layout=&#8221;default&#8221; gradient_type=&#8221;default&#8221;][vc_column_text css=&#8221;&#8221; text_direction=&#8221;default&#8221;]\n<h4>Location<\/h4>\n<p><a style=\"text-decoration: none !important; border-bottom: none !important;\" href=\"https:\/\/maps.app.goo.gl\/wEMhyWHbUfUXQDBm7\" target=\"_blank\" rel=\"noopener\">Prainha Resort, Praia dos 3 Irm\u00e3os<\/a><br \/>\n<a style=\"text-decoration: none !important; border-bottom: none !important;\" href=\"https:\/\/maps.app.goo.gl\/wEMhyWHbUfUXQDBm7\">8500-072 Alvor, Portim\u00e3o<\/a>[\/vc_column_text][vc_column_text css=&#8221;&#8221; text_direction=&#8221;default&#8221;]\n<h4>Email<\/h4>\n<p><a style=\"text-decoration: none !important; border-bottom: none !important;\" href=\"mailto:geral@canicorestaurante.pt\">geral@canicorestaurante.pt<\/a>[\/vc_column_text][vc_column_text css=&#8221;&#8221; text_direction=&#8221;default&#8221;]\n<h4>Phone<\/h4>\n<p><a style=\"text-decoration: none !important; border-bottom: none !important;\" href=\"tel:+351%20282%20458%20503\" rel=\"noopener\">+351 282 458 503*<\/a><\/p>\n<h6>National landline call<\/h6>\n[\/vc_column_text][\/vc_column_inner][\/vc_row_inner][\/vc_column][vc_column column_padding=&#8221;no-extra-padding&#8221; column_padding_tablet=&#8221;inherit&#8221; column_padding_phone=&#8221;inherit&#8221; column_padding_position=&#8221;all&#8221; column_element_direction_desktop=&#8221;default&#8221; column_element_spacing=&#8221;default&#8221; centered_text=&#8221;true&#8221; desktop_text_alignment=&#8221;center&#8221; tablet_text_alignment=&#8221;default&#8221; phone_text_alignment=&#8221;default&#8221; background_color_opacity=&#8221;1&#8243; background_hover_color_opacity=&#8221;1&#8243; column_backdrop_filter=&#8221;none&#8221; column_shadow=&#8221;none&#8221; column_border_radius=&#8221;none&#8221; column_link_target=&#8221;_self&#8221; column_position=&#8221;default&#8221; gradient_direction=&#8221;left_to_right&#8221; overlay_strength=&#8221;0.3&#8243; width=&#8221;1\/2&#8243; tablet_width_inherit=&#8221;default&#8221; animation_type=&#8221;default&#8221; bg_image_animation=&#8221;none&#8221; border_type=&#8221;simple&#8221; column_border_width=&#8221;none&#8221; column_border_style=&#8221;solid&#8221; column_padding_type=&#8221;default&#8221; content_layout=&#8221;default&#8221; gradient_type=&#8221;default&#8221;][image_with_animation image_url=&#8221;578&#8243; image_size=&#8221;full&#8221; max_width=&#8221;75%&#8221; max_width_mobile=&#8221;default&#8221; animation_type=&#8221;entrance&#8221; animation=&#8221;None&#8221; animation_movement_type=&#8221;transform_y&#8221; hover_animation=&#8221;none&#8221; alignment=&#8221;&#8221; border_radius=&#8221;none&#8221; box_shadow=&#8221;none&#8221; image_loading=&#8221;default&#8221;][\/vc_column][\/vc_row][vc_section type=&#8221;full_width_content&#8221; text_color=&#8221;dark&#8221; top_padding=&#8221;5%&#8221; left_padding_desktop=&#8221;10px&#8221; constrain_group_2=&#8221;yes&#8221; right_padding_desktop=&#8221;10px&#8221; top_padding_tablet=&#8221;10%&#8221; row_border_radius=&#8221;none&#8221; row_border_radius_applies=&#8221;bg&#8221; content_layout=&#8221;default&#8221; advanced_gradient_display_type=&#8221;linear&#8221;][\/vc_section]\n","protected":false},"excerpt":{"rendered":"<p>[vc_row type=&#8221;full_width_background&#8221; full_screen_row_position=&#8221;middle&#8221; column_margin=&#8221;default&#8221; equal_height=&#8221;yes&#8221; content_placement=&#8221;stretch&#8221; column_direction=&#8221;default&#8221; column_direction_tablet=&#8221;default&#8221; column_direction_phone=&#8221;default&#8221; scene_position=&#8221;center&#8221; top_padding=&#8221;15%&#8221; bottom_padding=&#8221;10%&#8221; text_color=&#8221;dark&#8221; text_align=&#8221;left&#8221; row_border_radius=&#8221;none&#8221; row_border_radius_applies=&#8221;bg&#8221; row_position_desktop=&#8221;default&#8221; row_position_tablet=&#8221;inherit&#8221;&#8230;<\/p>\n","protected":false},"author":1,"featured_media":0,"parent":0,"menu_order":0,"comment_status":"closed","ping_status":"closed","template":"","meta":{"footnotes":""},"class_list":["post-848","page","type-page","status-publish"],"yoast_head":"<!-- This site is optimized with the Yoast SEO plugin v27.4 - https:\/\/yoast.com\/product\/yoast-seo-wordpress\/ -->\n<title>Contacts - Cani\u00e7o Restaurante<\/title>\n<meta name=\"description\" content=\"Contact Cani\u00e7o Restaurant in Alvor. Find our location at Praia dos Tr\u00eas Irm\u00e3os and book your table. We look forward to seeing you at the cliff!\" \/>\n<meta name=\"robots\" content=\"index, follow, max-snippet:-1, max-image-preview:large, max-video-preview:-1\" \/>\n<link rel=\"canonical\" href=\"https:\/\/canicorestaurante.pt\/en\/contacts\/\" \/>\n<meta property=\"og:locale\" content=\"en_US\" \/>\n<meta property=\"og:type\" content=\"article\" \/>\n<meta property=\"og:title\" content=\"Contacts - Cani\u00e7o Restaurante\" \/>\n<meta property=\"og:description\" content=\"Contact Cani\u00e7o Restaurant in Alvor. Find our location at Praia dos Tr\u00eas Irm\u00e3os and book your table. We look forward to seeing you at the cliff!\" \/>\n<meta property=\"og:url\" content=\"https:\/\/canicorestaurante.pt\/en\/contacts\/\" \/>\n<meta property=\"og:site_name\" content=\"Cani\u00e7o Restaurante\" \/>\n<meta property=\"article:modified_time\" content=\"2026-04-29T15:19:56+00:00\" \/>\n<meta name=\"twitter:card\" content=\"summary_large_image\" \/>\n<meta name=\"twitter:label1\" content=\"Est. reading time\" \/>\n\t<meta name=\"twitter:data1\" content=\"3 minutes\" \/>\n<script type=\"application\/ld+json\" class=\"yoast-schema-graph\">{\"@context\":\"https:\\\/\\\/schema.org\",\"@graph\":[{\"@type\":\"WebPage\",\"@id\":\"https:\\\/\\\/canicorestaurante.pt\\\/en\\\/contacts\\\/\",\"url\":\"https:\\\/\\\/canicorestaurante.pt\\\/en\\\/contacts\\\/\",\"name\":\"Contacts - Cani\u00e7o Restaurante\",\"isPartOf\":{\"@id\":\"https:\\\/\\\/canicorestaurante.pt\\\/en\\\/#website\"},\"datePublished\":\"2026-04-06T15:21:13+00:00\",\"dateModified\":\"2026-04-29T15:19:56+00:00\",\"description\":\"Contact Cani\u00e7o Restaurant in Alvor. Find our location at Praia dos Tr\u00eas Irm\u00e3os and book your table. We look forward to seeing you at the cliff!\",\"breadcrumb\":{\"@id\":\"https:\\\/\\\/canicorestaurante.pt\\\/en\\\/contacts\\\/#breadcrumb\"},\"inLanguage\":\"en-US\",\"potentialAction\":[{\"@type\":\"ReadAction\",\"target\":[\"https:\\\/\\\/canicorestaurante.pt\\\/en\\\/contacts\\\/\"]}]},{\"@type\":\"BreadcrumbList\",\"@id\":\"https:\\\/\\\/canicorestaurante.pt\\\/en\\\/contacts\\\/#breadcrumb\",\"itemListElement\":[{\"@type\":\"ListItem\",\"position\":1,\"name\":\"In\u00edcio\",\"item\":\"https:\\\/\\\/canicorestaurante.pt\\\/en\\\/home\\\/\"},{\"@type\":\"ListItem\",\"position\":2,\"name\":\"Contacts\"}]},{\"@type\":\"WebSite\",\"@id\":\"https:\\\/\\\/canicorestaurante.pt\\\/en\\\/#website\",\"url\":\"https:\\\/\\\/canicorestaurante.pt\\\/en\\\/\",\"name\":\"Cani\u00e7o Restaurante\",\"description\":\"\",\"publisher\":{\"@id\":\"https:\\\/\\\/canicorestaurante.pt\\\/en\\\/#organization\"},\"potentialAction\":[{\"@type\":\"SearchAction\",\"target\":{\"@type\":\"EntryPoint\",\"urlTemplate\":\"https:\\\/\\\/canicorestaurante.pt\\\/en\\\/?s={search_term_string}\"},\"query-input\":{\"@type\":\"PropertyValueSpecification\",\"valueRequired\":true,\"valueName\":\"search_term_string\"}}],\"inLanguage\":\"en-US\"},{\"@type\":\"Organization\",\"@id\":\"https:\\\/\\\/canicorestaurante.pt\\\/en\\\/#organization\",\"name\":\"Cani\u00e7o Restaurante\",\"url\":\"https:\\\/\\\/canicorestaurante.pt\\\/en\\\/\",\"logo\":{\"@type\":\"ImageObject\",\"inLanguage\":\"en-US\",\"@id\":\"https:\\\/\\\/canicorestaurante.pt\\\/en\\\/#\\\/schema\\\/logo\\\/image\\\/\",\"url\":\"https:\\\/\\\/canicorestaurante.pt\\\/wp-content\\\/uploads\\\/2026\\\/03\\\/Canico_Logo-simples_castanho.svg\",\"contentUrl\":\"https:\\\/\\\/canicorestaurante.pt\\\/wp-content\\\/uploads\\\/2026\\\/03\\\/Canico_Logo-simples_castanho.svg\",\"width\":76,\"height\":103,\"caption\":\"Cani\u00e7o Restaurante\"},\"image\":{\"@id\":\"https:\\\/\\\/canicorestaurante.pt\\\/en\\\/#\\\/schema\\\/logo\\\/image\\\/\"}}]}<\/script>\n<!-- \/ Yoast SEO plugin. -->","yoast_head_json":{"title":"Contacts - Cani\u00e7o Restaurante","description":"Contact Cani\u00e7o Restaurant in Alvor. Find our location at Praia dos Tr\u00eas Irm\u00e3os and book your table. We look forward to seeing you at the cliff!","robots":{"index":"index","follow":"follow","max-snippet":"max-snippet:-1","max-image-preview":"max-image-preview:large","max-video-preview":"max-video-preview:-1"},"canonical":"https:\/\/canicorestaurante.pt\/en\/contacts\/","og_locale":"en_US","og_type":"article","og_title":"Contacts - Cani\u00e7o Restaurante","og_description":"Contact Cani\u00e7o Restaurant in Alvor. Find our location at Praia dos Tr\u00eas Irm\u00e3os and book your table. We look forward to seeing you at the cliff!","og_url":"https:\/\/canicorestaurante.pt\/en\/contacts\/","og_site_name":"Cani\u00e7o Restaurante","article_modified_time":"2026-04-29T15:19:56+00:00","twitter_card":"summary_large_image","twitter_misc":{"Est. reading time":"3 minutes"},"schema":{"@context":"https:\/\/schema.org","@graph":[{"@type":"WebPage","@id":"https:\/\/canicorestaurante.pt\/en\/contacts\/","url":"https:\/\/canicorestaurante.pt\/en\/contacts\/","name":"Contacts - Cani\u00e7o Restaurante","isPartOf":{"@id":"https:\/\/canicorestaurante.pt\/en\/#website"},"datePublished":"2026-04-06T15:21:13+00:00","dateModified":"2026-04-29T15:19:56+00:00","description":"Contact Cani\u00e7o Restaurant in Alvor. Find our location at Praia dos Tr\u00eas Irm\u00e3os and book your table. We look forward to seeing you at the cliff!","breadcrumb":{"@id":"https:\/\/canicorestaurante.pt\/en\/contacts\/#breadcrumb"},"inLanguage":"en-US","potentialAction":[{"@type":"ReadAction","target":["https:\/\/canicorestaurante.pt\/en\/contacts\/"]}]},{"@type":"BreadcrumbList","@id":"https:\/\/canicorestaurante.pt\/en\/contacts\/#breadcrumb","itemListElement":[{"@type":"ListItem","position":1,"name":"In\u00edcio","item":"https:\/\/canicorestaurante.pt\/en\/home\/"},{"@type":"ListItem","position":2,"name":"Contacts"}]},{"@type":"WebSite","@id":"https:\/\/canicorestaurante.pt\/en\/#website","url":"https:\/\/canicorestaurante.pt\/en\/","name":"Cani\u00e7o Restaurante","description":"","publisher":{"@id":"https:\/\/canicorestaurante.pt\/en\/#organization"},"potentialAction":[{"@type":"SearchAction","target":{"@type":"EntryPoint","urlTemplate":"https:\/\/canicorestaurante.pt\/en\/?s={search_term_string}"},"query-input":{"@type":"PropertyValueSpecification","valueRequired":true,"valueName":"search_term_string"}}],"inLanguage":"en-US"},{"@type":"Organization","@id":"https:\/\/canicorestaurante.pt\/en\/#organization","name":"Cani\u00e7o Restaurante","url":"https:\/\/canicorestaurante.pt\/en\/","logo":{"@type":"ImageObject","inLanguage":"en-US","@id":"https:\/\/canicorestaurante.pt\/en\/#\/schema\/logo\/image\/","url":"https:\/\/canicorestaurante.pt\/wp-content\/uploads\/2026\/03\/Canico_Logo-simples_castanho.svg","contentUrl":"https:\/\/canicorestaurante.pt\/wp-content\/uploads\/2026\/03\/Canico_Logo-simples_castanho.svg","width":76,"height":103,"caption":"Cani\u00e7o Restaurante"},"image":{"@id":"https:\/\/canicorestaurante.pt\/en\/#\/schema\/logo\/image\/"}}]}},"_links":{"self":[{"href":"https:\/\/canicorestaurante.pt\/en\/wp-json\/wp\/v2\/pages\/848","targetHints":{"allow":["GET"]}}],"collection":[{"href":"https:\/\/canicorestaurante.pt\/en\/wp-json\/wp\/v2\/pages"}],"about":[{"href":"https:\/\/canicorestaurante.pt\/en\/wp-json\/wp\/v2\/types\/page"}],"author":[{"embeddable":true,"href":"https:\/\/canicorestaurante.pt\/en\/wp-json\/wp\/v2\/users\/1"}],"replies":[{"embeddable":true,"href":"https:\/\/canicorestaurante.pt\/en\/wp-json\/wp\/v2\/comments?post=848"}],"version-history":[{"count":8,"href":"https:\/\/canicorestaurante.pt\/en\/wp-json\/wp\/v2\/pages\/848\/revisions"}],"predecessor-version":[{"id":929,"href":"https:\/\/canicorestaurante.pt\/en\/wp-json\/wp\/v2\/pages\/848\/revisions\/929"}],"wp:attachment":[{"href":"https:\/\/canicorestaurante.pt\/en\/wp-json\/wp\/v2\/media?parent=848"}],"curies":[{"name":"wp","href":"https:\/\/api.w.org\/{rel}","templated":true}]}}